{"id":4608,"date":"2025-05-09T17:55:15","date_gmt":"2025-05-09T15:55:15","guid":{"rendered":"https:\/\/www.fraella.com\/portal\/?page_id=4608"},"modified":"2025-05-09T17:55:17","modified_gmt":"2025-05-09T15:55:17","slug":"politica-de-privacidad","status":"publish","type":"page","link":"https:\/\/www.fraella.com\/portal\/politica-de-privacidad\/","title":{"rendered":"Pol\u00edtica de privacidad"},"content":{"rendered":"\n<p>POLITICA DE PRIVACIDAD<\/p>\n\n\n\n<p>Oscar Fern\u00e1ndez P\u00e9rez&nbsp;te informa sobre su Pol\u00edtica de Privacidad respecto del tratamiento y protecci\u00f3n de los datos de car\u00e1cter personal de los usuarios y clientes que puedan ser recabados por la navegaci\u00f3n o contrataci\u00f3n de servicios a trav\u00e9s del sitio Web&nbsp;www.fraella.com<\/p>\n\n\n\n<p>En este sentido, el Titular garantiza el cumplimiento de la normativa vigente en materia de protecci\u00f3n de datos personales, reflejada en la Ley Org\u00e1nica 3\/2018, de 5 de diciembre, de Protecci\u00f3n de Datos Personales y de Garant\u00eda de Derechos Digitales (LOPD GDD). Cumple tambi\u00e9n con el Reglamento (UE) 2016\/679 del Parlamento Europeo y del Consejo de 27 de abril de 2016 relativo a la protecci\u00f3n de las personas f\u00edsicas (RGPD).<\/p>\n\n\n\n<p>El uso de sitio Web implica la aceptaci\u00f3n de esta Pol\u00edtica de Privacidad as\u00ed como las condiciones incluidas en el Aviso Legal.<\/p>\n\n\n\n<p>Identidad del responsable<\/p>\n\n\n\n<ul class=\"wp-block-list\">\n<li>Titular:\u00a0Oscar Fern\u00e1ndez P\u00e9rez<\/li>\n\n\n\n<li>NIF\/CIF:\u00a0NIF 72550488R<\/li>\n\n\n\n<li>Domicilio:\u00a0C\/ LAS ESCUELAS 4 FRAELLA, HUESCA\u00a0\u00a0\u00a0\u00a0\u00a0\u00a0\u00a0\u00a0\u00a0\u00a0<\/li>\n\n\n\n<li>Correo electr\u00f3nico:\u00a0webmaster@fraella.com<\/li>\n\n\n\n<li>Sitio Web:\u00a0www.fraella.com<\/li>\n<\/ul>\n\n\n\n<p>Principios aplicados en el tratamiento de datos<\/p>\n\n\n\n<p>En el tratamiento de tus datos personales, el Titular aplicar\u00e1 los siguientes principios que se ajustan a las exigencias del nuevo reglamento europeo de protecci\u00f3n de datos:<\/p>\n\n\n\n<ul class=\"wp-block-list\">\n<li><strong>Principio de licitud, lealtad y transparencia:<\/strong>\u00a0El Titular siempre requerir\u00e1 el consentimiento para el tratamiento de tus datos personales que puede ser para uno o varios fines espec\u00edficos sobre los que te informar\u00e1 previamente con absoluta transparencia.<\/li>\n\n\n\n<li><strong>Principio de minimizaci\u00f3n de datos:<\/strong>\u00a0El Titular te solicitar\u00e1 solo los datos estrictamente necesarios para el fin o los fines que los solicita.<\/li>\n\n\n\n<li><strong>Principio de limitaci\u00f3n del plazo de conservaci\u00f3n:<\/strong>\u00a0Los datos se mantendr\u00e1n durante el tiempo estrictamente necesario para el fin o los fines del tratamiento.<br>El Titular te informar\u00e1 del plazo de conservaci\u00f3n correspondiente seg\u00fan la finalidad. En el caso de suscripciones, el Titular revisar\u00e1 peri\u00f3dicamente las listas y eliminar\u00e1 aquellos registros inactivos durante un tiempo considerable.<\/li>\n\n\n\n<li><strong>Principio de integridad y confidencialidad:<\/strong>\u00a0Tus datos ser\u00e1n tratados de tal manera que su seguridad, confidencialidad e integridad est\u00e9 garantizada. Debes saber que el Titular toma las precauciones necesarias para evitar el acceso no autorizado o uso indebido de los datos de sus usuarios por parte de terceros.<\/li>\n<\/ul>\n\n\n\n<p>Obtenci\u00f3n de datos personales<\/p>\n\n\n\n<p>Para navegar por&nbsp;SITIO-WEB&nbsp;no es necesario que facilites ning\u00fan dato personal. Los casos en los que s\u00ed proporcionas tus datos personales son los siguientes:<\/p>\n\n\n\n<ul class=\"wp-block-list\">\n<li>Al contactar a trav\u00e9s de los formularios de contacto o enviar un correo electr\u00f3nico.<\/li>\n\n\n\n<li>Al realizar un comentario en un art\u00edculo o p\u00e1gina.<\/li>\n<\/ul>\n\n\n\n<p>Tus derechos<\/p>\n\n\n\n<p>El Titular te informa que sobre tus datos personales tienes derecho a:<\/p>\n\n\n\n<ul class=\"wp-block-list\">\n<li>Solicitar el acceso a los datos almacenados.<\/li>\n\n\n\n<li>Solicitar una rectificaci\u00f3n o la cancelaci\u00f3n.<\/li>\n\n\n\n<li>Solicitar la limitaci\u00f3n de su tratamiento.<\/li>\n\n\n\n<li>Oponerte al tratamiento.<\/li>\n\n\n\n<li>Solicitar la portabilidad de tus datos.<\/li>\n<\/ul>\n\n\n\n<p>El ejercicio de estos derechos es personal y por tanto debe ser ejercido directamente por el interesado, solicit\u00e1ndolo directamente al Titular, lo que significa que cualquier cliente, suscriptor o colaborador que haya facilitado sus datos en alg\u00fan momento puede dirigirse al Titular y pedir informaci\u00f3n sobre los datos que tiene almacenados y c\u00f3mo los ha obtenido, solicitar la rectificaci\u00f3n de los mismos, solicitar la portabilidad de sus datos personales, oponerse al tratamiento, limitar su uso o solicitar la cancelaci\u00f3n de esos datos en los ficheros del Titular.<\/p>\n\n\n\n<p>Para ejercitar tus derechos de acceso, rectificaci\u00f3n, cancelaci\u00f3n, portabilidad y oposici\u00f3n tienes que enviar un correo electr\u00f3nico a&nbsp;webmaster@fraella.com&nbsp;junto con la prueba v\u00e1lida en derecho como una fotocopia del D.N.I. o equivalente.<\/p>\n\n\n\n<p>Tienes derecho a la tutela judicial efectiva y a presentar una reclamaci\u00f3n ante la autoridad de control, en este caso, la Agencia Espa\u00f1ola de Protecci\u00f3n de Datos, si consideras que el tratamiento de datos personales que te conciernen infringe el Reglamento.<\/p>\n\n\n\n<p>Finalidad del tratamiento de datos personales<\/p>\n\n\n\n<p>Cuando te conectas al sitio Web para mandar un correo al Titular, te suscribes a su bolet\u00edn o realizas una contrataci\u00f3n, est\u00e1s facilitando informaci\u00f3n de car\u00e1cter personal de la que el responsable es el Titular. Esta informaci\u00f3n puede incluir datos de car\u00e1cter personal como pueden ser tu direcci\u00f3n IP, nombre y apellidos, direcci\u00f3n f\u00edsica, direcci\u00f3n de correo electr\u00f3nico, n\u00famero de tel\u00e9fono, y otra informaci\u00f3n. Al facilitar esta informaci\u00f3n, das tu consentimiento para que tu informaci\u00f3n sea recopilada, utilizada, gestionada y almacenada por superadmin.es , s\u00f3lo como se describe en el Aviso Legal y en la presente Pol\u00edtica de Privacidad.<\/p>\n\n\n\n<p>Los datos personales y la finalidad del tratamiento por parte del Titular es diferente seg\u00fan el sistema de captura de informaci\u00f3n:<\/p>\n\n\n\n<p>ELIMINA LOS QUE NO USES:<\/p>\n\n\n\n<ul class=\"wp-block-list\">\n<li><strong>Formularios de contacto:<\/strong>\u00a0El Titular solicita datos personales entre los que pueden estar: Nombre y apellidos, direcci\u00f3n de correo electr\u00f3nico, n\u00famero de tel\u00e9fono y direcci\u00f3n de tu sitio Web con la finalidad de responder a tus consultas.<br>Por ejemplo, el Titular utiliza esos datos para dar respuesta a tus mensajes, dudas, quejas, comentarios o inquietudes que puedas tener relativas a la informaci\u00f3n incluida en el sitio Web, los servicios que se prestan a trav\u00e9s del sitio Web, el tratamiento de tus datos personales, cuestiones referentes a los textos legales incluidos en el sitio Web, as\u00ed como cualquier otra consulta que puedas tener y que no est\u00e9 sujeta a las condiciones del sitio Web o de la contrataci\u00f3n.<\/li>\n\n\n\n<li><strong>Formularios de suscripci\u00f3n a contenidos:<\/strong>\u00a0El Titular solicita los siguientes datos personales: Nombre y apellidos, direcci\u00f3n de correo electr\u00f3nico, n\u00famero de tel\u00e9fono y direcci\u00f3n de tu sitio web para gestionar la lista de suscripciones, enviar boletines, promociones y ofertas especiales.<br>Los datos que facilites al Titular estar\u00e1n ubicados en los servidores de The Rocket Science Group LLC d\/b\/a, con domicilio en EEUU. (Mailchimp).<\/li>\n<\/ul>\n\n\n\n<p>Existen otras finalidades por las que el Titular trata tus datos personales:<\/p>\n\n\n\n<ul class=\"wp-block-list\">\n<li>Para garantizar el cumplimiento de las condiciones recogidas en el Aviso Legal y en la ley aplicable. Esto puede incluir el desarrollo de herramientas y algoritmos que ayuden a este sitio Web a garantizar la confidencialidad de los datos personales que recoge.<\/li>\n\n\n\n<li>Para apoyar y mejorar los servicios que ofrece este sitio Web.<\/li>\n\n\n\n<li>Para analizar la navegaci\u00f3n. El Titular recoge otros datos no identificativos que se obtienen mediante el uso de cookies que se descargan en tu ordenador cuando navegas por el sitio Web cuyas caracter\u00edsiticas y finalidad est\u00e1n detalladas en la Pol\u00edtica de Cookies .<\/li>\n\n\n\n<li>Para gestionar las redes sociales. el Titular tiene presencia en redes sociales. Si te haces seguidor en las redes sociales del Titular el tratamiento de los datos personales se regir\u00e1 por este apartado, as\u00ed como por aquellas condiciones de uso, pol\u00edticas de privacidad y normativas de acceso que pertenezcan a la red social que proceda en cada caso y que has aceptado previamente.<\/li>\n<\/ul>\n\n\n\n<p>Puedes consultar las pol\u00edticas de privacidad de las principales redes sociales en estos enlaces:<\/p>\n\n\n\n<p>ELIMINA LOS QUE NO USES:<\/p>\n\n\n\n<ul class=\"wp-block-list\">\n<li>Facebook<\/li>\n\n\n\n<li>Twitter<\/li>\n\n\n\n<li>YouTube<\/li>\n\n\n\n<li>Instagram<\/li>\n<\/ul>\n\n\n\n<p>El Titular tratar\u00e1 tus datos personales con la finalidad de administrar correctamente su presencia en la red social, informarte de sus actividades, productos o servicios, as\u00ed como para cualquier otra finalidad que las normativas de las redes sociales permitan.<\/p>\n\n\n\n<p>En ning\u00fan caso el Titular utilizar\u00e1 los perfiles de seguidores en redes sociales para enviar publicidad de manera individual.<\/p>\n\n\n\n<p>Seguridad de los datos personales<\/p>\n\n\n\n<p>Para proteger tus datos personales, el Titular toma todas las precauciones razonables y sigue las mejores pr\u00e1cticas de la industria para evitar su p\u00e9rdida, mal uso, acceso indebido, divulgaci\u00f3n, alteraci\u00f3n o destrucci\u00f3n de los mismos.<\/p>\n\n\n\n<p>El sitio Web est\u00e1 alojado en&nbsp;hostpapa.com. La seguridad de tus datos est\u00e1 garantizada, ya que toman todas las medidas de seguridad necesarias para ello. Puedes consultar su pol\u00edtica de privacidad para tener m\u00e1s informaci\u00f3n.<\/p>\n<div class=\"pvc_clear\"><\/div><p id=\"pvc_stats_4608\" class=\"pvc_stats all  \" data-element-id=\"4608\" style=\"\"><i class=\"pvc-stats-icon medium\" aria-hidden=\"true\"><svg aria-hidden=\"true\" focusable=\"false\" data-prefix=\"far\" data-icon=\"chart-bar\" role=\"img\" xmlns=\"http:\/\/www.w3.org\/2000\/svg\" viewBox=\"0 0 512 512\" class=\"svg-inline--fa fa-chart-bar fa-w-16 fa-2x\"><path fill=\"currentColor\" d=\"M396.8 352h22.4c6.4 0 12.8-6.4 12.8-12.8V108.8c0-6.4-6.4-12.8-12.8-12.8h-22.4c-6.4 0-12.8 6.4-12.8 12.8v230.4c0 6.4 6.4 12.8 12.8 12.8zm-192 0h22.4c6.4 0 12.8-6.4 12.8-12.8V140.8c0-6.4-6.4-12.8-12.8-12.8h-22.4c-6.4 0-12.8 6.4-12.8 12.8v198.4c0 6.4 6.4 12.8 12.8 12.8zm96 0h22.4c6.4 0 12.8-6.4 12.8-12.8V204.8c0-6.4-6.4-12.8-12.8-12.8h-22.4c-6.4 0-12.8 6.4-12.8 12.8v134.4c0 6.4 6.4 12.8 12.8 12.8zM496 400H48V80c0-8.84-7.16-16-16-16H16C7.16 64 0 71.16 0 80v336c0 17.67 14.33 32 32 32h464c8.84 0 16-7.16 16-16v-16c0-8.84-7.16-16-16-16zm-387.2-48h22.4c6.4 0 12.8-6.4 12.8-12.8v-70.4c0-6.4-6.4-12.8-12.8-12.8h-22.4c-6.4 0-12.8 6.4-12.8 12.8v70.4c0 6.4 6.4 12.8 12.8 12.8z\" class=\"\"><\/path><\/svg><\/i> <img loading=\"lazy\" decoding=\"async\" width=\"16\" height=\"16\" alt=\"Loading\" src=\"https:\/\/www.fraella.com\/portal\/wp-content\/plugins\/page-views-count\/ajax-loader-2x.gif\" border=0 \/><\/p><div class=\"pvc_clear\"><\/div>","protected":false},"excerpt":{"rendered":"<p>POLITICA DE PRIVACIDAD Oscar Fern\u00e1ndez P\u00e9rez&nbsp;te informa sobre su Pol\u00edtica de Privacidad respecto del tratamiento y protecci\u00f3n de los datos de car\u00e1cter personal de los usuarios y clientes que puedan ser recabados por la navegaci\u00f3n o contrataci\u00f3n de servicios a trav\u00e9s del sitio Web&nbsp;www.fraella.com En este sentido, el Titular garantiza el cumplimiento de la normativa &hellip; <a href=\"https:\/\/www.fraella.com\/portal\/politica-de-privacidad\/\" class=\"more-link\">Seguir leyendo <span class=\"screen-reader-text\">Pol\u00edtica de privacidad<\/span> <span class=\"meta-nav\">&rarr;<\/span><\/a><\/p>\n<div class=\"pvc_clear\"><\/div>\n<p id=\"pvc_stats_4608\" class=\"pvc_stats all  \" data-element-id=\"4608\" style=\"\"><i class=\"pvc-stats-icon medium\" aria-hidden=\"true\"><svg aria-hidden=\"true\" focusable=\"false\" data-prefix=\"far\" data-icon=\"chart-bar\" role=\"img\" xmlns=\"http:\/\/www.w3.org\/2000\/svg\" viewBox=\"0 0 512 512\" class=\"svg-inline--fa fa-chart-bar fa-w-16 fa-2x\"><path fill=\"currentColor\" d=\"M396.8 352h22.4c6.4 0 12.8-6.4 12.8-12.8V108.8c0-6.4-6.4-12.8-12.8-12.8h-22.4c-6.4 0-12.8 6.4-12.8 12.8v230.4c0 6.4 6.4 12.8 12.8 12.8zm-192 0h22.4c6.4 0 12.8-6.4 12.8-12.8V140.8c0-6.4-6.4-12.8-12.8-12.8h-22.4c-6.4 0-12.8 6.4-12.8 12.8v198.4c0 6.4 6.4 12.8 12.8 12.8zm96 0h22.4c6.4 0 12.8-6.4 12.8-12.8V204.8c0-6.4-6.4-12.8-12.8-12.8h-22.4c-6.4 0-12.8 6.4-12.8 12.8v134.4c0 6.4 6.4 12.8 12.8 12.8zM496 400H48V80c0-8.84-7.16-16-16-16H16C7.16 64 0 71.16 0 80v336c0 17.67 14.33 32 32 32h464c8.84 0 16-7.16 16-16v-16c0-8.84-7.16-16-16-16zm-387.2-48h22.4c6.4 0 12.8-6.4 12.8-12.8v-70.4c0-6.4-6.4-12.8-12.8-12.8h-22.4c-6.4 0-12.8 6.4-12.8 12.8v70.4c0 6.4 6.4 12.8 12.8 12.8z\" class=\"\"><\/path><\/svg><\/i> <img loading=\"lazy\" decoding=\"async\" width=\"16\" height=\"16\" alt=\"Loading\" src=\"https:\/\/www.fraella.com\/portal\/wp-content\/plugins\/page-views-count\/ajax-loader-2x.gif\" border=0 \/><\/p>\n<div class=\"pvc_clear\"><\/div>\n","protected":false},"author":1,"featured_media":0,"parent":0,"menu_order":0,"comment_status":"closed","ping_status":"closed","template":"","meta":{"ngg_post_thumbnail":0,"footnotes":""},"class_list":["post-4608","page","type-page","status-publish","hentry"],"a3_pvc":{"activated":true,"total_views":10,"today_views":0},"_links":{"self":[{"href":"https:\/\/www.fraella.com\/portal\/wp-json\/wp\/v2\/pages\/4608","targetHints":{"allow":["GET"]}}],"collection":[{"href":"https:\/\/www.fraella.com\/portal\/wp-json\/wp\/v2\/pages"}],"about":[{"href":"https:\/\/www.fraella.com\/portal\/wp-json\/wp\/v2\/types\/page"}],"author":[{"embeddable":true,"href":"https:\/\/www.fraella.com\/portal\/wp-json\/wp\/v2\/users\/1"}],"replies":[{"embeddable":true,"href":"https:\/\/www.fraella.com\/portal\/wp-json\/wp\/v2\/comments?post=4608"}],"version-history":[{"count":1,"href":"https:\/\/www.fraella.com\/portal\/wp-json\/wp\/v2\/pages\/4608\/revisions"}],"predecessor-version":[{"id":4610,"href":"https:\/\/www.fraella.com\/portal\/wp-json\/wp\/v2\/pages\/4608\/revisions\/4610"}],"wp:attachment":[{"href":"https:\/\/www.fraella.com\/portal\/wp-json\/wp\/v2\/media?parent=4608"}],"curies":[{"name":"wp","href":"https:\/\/api.w.org\/{rel}","templated":true}]}}